{"id":3787,"date":"2026-04-07T20:47:21","date_gmt":"2026-04-07T18:47:21","guid":{"rendered":"https:\/\/www.ippnw-italy.org\/?page_id=3787"},"modified":"2026-04-07T20:56:59","modified_gmt":"2026-04-07T18:56:59","slug":"ricordando-manlio-giacanelli","status":"publish","type":"page","link":"https:\/\/www.ippnw-italy.org\/?page_id=3787","title":{"rendered":"Ciao pap\u00e0"},"content":{"rendered":"<blockquote><p>Ciao pap\u00e0.<\/p>\n<p>Non amavi molto i funerali. Ti mettevano troppa tristezza e, pertanto, preferivi aspettare fuori della chiesa o, talvolta, non andare proprio.<span class=\"Apple-converted-space\">&nbsp;<\/span><\/p>\n<p>Per questo, per\u00f2, non puoi farci nulla.<\/p>\n<p>Avevamo bisogno di un momento per ricordarti.<span class=\"Apple-converted-space\">&nbsp;<\/span><\/p>\n<p>Ognuno lo far\u00e0 a suo modo, sempre, e non ci sar\u00e0 bisogno di specifici pretesti.<span class=\"Apple-converted-space\">&nbsp;<\/span><\/p>\n<p>Volevamo, per\u00f2, una prima occasione per tutti.<span class=\"Apple-converted-space\">&nbsp;<\/span><\/p>\n<p>Potrei ricordarti che indugi sui Canti dell\u2019Inferno, che ti interroghi sul Don Quijote di Cervantes, sul sogno pi\u00f9 bello, sull\u2019origine delle parole, su Acqualoreto, sulle azioni possibili da realizzare come medico.<span class=\"Apple-converted-space\">&nbsp;<\/span><\/p>\n<p>Potrei ricordarti chino sul microscopio, a leggere e rileggere i tuoi vetrini, i campioni sulla Ciociaria, a considerare gli elementi che ricorrono, i ceppi famigliari, le possibili implicazioni alimentari, la necessit\u00e0 di raccogliere fondi per la ricerca.<span class=\"Apple-converted-space\">&nbsp;<\/span><\/p>\n<p>Ad immaginarti come farlo, chi sensibilizzare sulle malattie neuromuscolari e sul disarmo nucleare, chi aiutare.<span class=\"Apple-converted-space\">&nbsp;<\/span><\/p>\n<p>Potrei immaginarti ancora che argomenti la sottile linea che separa il genio dal folle, l\u2019originalit\u00e0 e la stravaganza dalla disfunzionalit\u00e0 e dall\u2019antinomia.<\/p>\n<p>Mi hai insegnato la Curiosit\u00e0 sul mondo e la possibilit\u00e0 di essere appassionato, come la rilettura delle prospettive, gli approcci sempre inclusivi e riabilitanti. <span class=\"Apple-converted-space\">&nbsp;<\/span><\/p>\n<p>L\u2019ho sempre sentito questo amore attorno a noi: attorno a mamma, ai tuoi figli, ai tuoi nipoti, intorno a Marco e Jos\u00e8 che hai accolto subito con lo stesso lessico sentimentale perch\u00e9 fondamentali per i tuoi figli.<\/p>\n<p>Ad un certo punto, eravamo tutti Mai e Maesse, Super Mai e Super Maesse.<\/p>\n<p>Grazie per la profondit\u00e0, per lo spessore, per la critica sempre costruttiva, per l\u2019assenza di pregiudizio, di sovrastrutture.<span class=\"Apple-converted-space\">&nbsp;<\/span><\/p>\n<p>Me lo dicevi spesso.<span class=\"Apple-converted-space\">&nbsp;<\/span><\/p>\n<p><i>Festeggia tutto, non importa se bello o brutto, ma festeggia.<\/i><\/p>\n<p>Grazie, ti far\u00f2 vivere con me cercando di <i>andare<\/i> <i>al massimo, di andare a gonfie vele.<\/i><span class=\"Apple-converted-space\">&nbsp; &nbsp;<\/span><\/p><\/blockquote>\n","protected":false},"excerpt":{"rendered":"<p>Ciao pap\u00e0. Non amavi molto i funerali. Ti mettevano troppa tristezza e, pertanto, preferivi aspettare fuori della chiesa o, talvolta, non andare proprio.&nbsp; Per questo, per\u00f2, non puoi farci nulla. Avevamo bisogno di un momento per ricordarti.&nbsp; Ognuno lo far\u00e0 a suo modo, sempre, e non ci sar\u00e0 bisogno di specifici pretesti.&nbsp; Volevamo, per\u00f2, una &hellip; <\/p>\n<p class=\"link-more\"><a href=\"https:\/\/www.ippnw-italy.org\/?page_id=3787\" class=\"read-more\">Leggi altro<span class=\"screen-reader-text\"> &#8220;Ciao pap\u00e0&#8221;<\/span><\/a><\/p>\n","protected":false},"author":1,"featured_media":0,"parent":0,"menu_order":0,"comment_status":"closed","ping_status":"closed","template":"","meta":[],"_links":{"self":[{"href":"https:\/\/www.ippnw-italy.org\/index.php?rest_route=\/wp\/v2\/pages\/3787"}],"collection":[{"href":"https:\/\/www.ippnw-italy.org\/index.php?rest_route=\/wp\/v2\/pages"}],"about":[{"href":"https:\/\/www.ippnw-italy.org\/index.php?rest_route=\/wp\/v2\/types\/page"}],"author":[{"embeddable":true,"href":"https:\/\/www.ippnw-italy.org\/index.php?rest_route=\/wp\/v2\/users\/1"}],"replies":[{"embeddable":true,"href":"https:\/\/www.ippnw-italy.org\/index.php?rest_route=%2Fwp%2Fv2%2Fcomments&post=3787"}],"version-history":[{"count":5,"href":"https:\/\/www.ippnw-italy.org\/index.php?rest_route=\/wp\/v2\/pages\/3787\/revisions"}],"predecessor-version":[{"id":3806,"href":"https:\/\/www.ippnw-italy.org\/index.php?rest_route=\/wp\/v2\/pages\/3787\/revisions\/3806"}],"wp:attachment":[{"href":"https:\/\/www.ippnw-italy.org\/index.php?rest_route=%2Fwp%2Fv2%2Fmedia&parent=3787"}],"curies":[{"name":"wp","href":"https:\/\/api.w.org\/{rel}","templated":true}]}}